{"id":1002,"date":"2022-10-11T21:43:03","date_gmt":"2022-10-11T21:43:03","guid":{"rendered":"https:\/\/eduardosabio.com.ar\/web\/?page_id=1002"},"modified":"2025-06-19T15:37:19","modified_gmt":"2025-06-19T18:37:19","slug":"hack-1250","status":"publish","type":"page","link":"https:\/\/rmb.com.ar\/web\/productos\/hack-1250\/","title":{"rendered":"Hack 1250"},"content":{"rendered":"\t\t<div data-elementor-type=\"wp-page\" data-elementor-id=\"1002\" class=\"elementor elementor-1002\" data-elementor-post-type=\"page\">\n\t\t\t\t\t\t<section class=\"elementor-section elementor-top-section elementor-element elementor-element-51960a61 elementor-section-boxed elementor-section-height-default elementor-section-height-default\" data-id=\"51960a61\" data-element_type=\"section\" data-e-type=\"section\">\n\t\t\t\t\t\t<div class=\"elementor-container elementor-column-gap-default\">\n\t\t\t\t\t<div class=\"elementor-column elementor-col-50 elementor-top-column elementor-element elementor-element-6d1719b\" data-id=\"6d1719b\" data-element_type=\"column\" data-e-type=\"column\">\n\t\t\t<div class=\"elementor-widget-wrap elementor-element-populated\">\n\t\t\t\t\t\t<div class=\"elementor-element elementor-element-160f26b1 elementor-widget elementor-widget-image\" data-id=\"160f26b1\" data-element_type=\"widget\" data-e-type=\"widget\" data-widget_type=\"image.default\">\n\t\t\t\t\t\t\t\t\t\t\t\t\t\t\t<img fetchpriority=\"high\" decoding=\"async\" width=\"1920\" height=\"1920\" src=\"data:image\/gif;base64,R0lGODlhAQABAIAAAAAAAP\/\/\/yH5BAEAAAAALAAAAAABAAEAAAIBRAA7\" data-src=\"https:\/\/rmb.com.ar\/web\/wp-content\/uploads\/2023\/12\/Hack-1250--scaled.jpg\" class=\"attachment-full size-full wp-image-6031 lazyload\" alt=\"\" data-srcset=\"https:\/\/rmb.com.ar\/web\/wp-content\/uploads\/2023\/12\/Hack-1250--scaled.jpg 1920w, https:\/\/rmb.com.ar\/web\/wp-content\/uploads\/2023\/12\/Hack-1250--300x300.jpg 300w, https:\/\/rmb.com.ar\/web\/wp-content\/uploads\/2023\/12\/Hack-1250--1024x1024.jpg 1024w, https:\/\/rmb.com.ar\/web\/wp-content\/uploads\/2023\/12\/Hack-1250--150x150.jpg 150w, https:\/\/rmb.com.ar\/web\/wp-content\/uploads\/2023\/12\/Hack-1250--768x768.jpg 768w, https:\/\/rmb.com.ar\/web\/wp-content\/uploads\/2023\/12\/Hack-1250--1536x1536.jpg 1536w, https:\/\/rmb.com.ar\/web\/wp-content\/uploads\/2023\/12\/Hack-1250--2048x2048.jpg 2048w\" sizes=\"(max-width: 1920px) 100vw, 1920px\" \/><noscript><img decoding=\"async\" width=\"1920\" height=\"1920\" src=\"https:\/\/rmb.com.ar\/web\/wp-content\/uploads\/2023\/12\/Hack-1250--scaled.jpg\" class=\"attachment-full size-full wp-image-6031 lazyload\" alt=\"\" srcset=\"https:\/\/rmb.com.ar\/web\/wp-content\/uploads\/2023\/12\/Hack-1250--scaled.jpg 1920w, https:\/\/rmb.com.ar\/web\/wp-content\/uploads\/2023\/12\/Hack-1250--300x300.jpg 300w, https:\/\/rmb.com.ar\/web\/wp-content\/uploads\/2023\/12\/Hack-1250--1024x1024.jpg 1024w, https:\/\/rmb.com.ar\/web\/wp-content\/uploads\/2023\/12\/Hack-1250--150x150.jpg 150w, https:\/\/rmb.com.ar\/web\/wp-content\/uploads\/2023\/12\/Hack-1250--768x768.jpg 768w, https:\/\/rmb.com.ar\/web\/wp-content\/uploads\/2023\/12\/Hack-1250--1536x1536.jpg 1536w, https:\/\/rmb.com.ar\/web\/wp-content\/uploads\/2023\/12\/Hack-1250--2048x2048.jpg 2048w\" sizes=\"(max-width: 1920px) 100vw, 1920px\" \/><\/noscript>\t\t\t\t\t\t\t\t\t\t\t\t\t\t\t<\/div>\n\t\t\t\t\t<\/div>\n\t\t<\/div>\n\t\t\t\t<div class=\"elementor-column elementor-col-50 elementor-top-column elementor-element elementor-element-4ffcf76d\" data-id=\"4ffcf76d\" data-element_type=\"column\" data-e-type=\"column\">\n\t\t\t<div class=\"elementor-widget-wrap elementor-element-populated\">\n\t\t\t\t\t\t<div class=\"elementor-element elementor-element-595e4f61 elementor-widget elementor-widget-heading\" data-id=\"595e4f61\" data-element_type=\"widget\" data-e-type=\"widget\" data-widget_type=\"heading.default\">\n\t\t\t\t\t<h2 class=\"elementor-heading-title elementor-size-default\">hack 1250<\/h2>\t\t\t\t<\/div>\n\t\t\t\t<div class=\"elementor-element elementor-element-131bb24a elementor-widget elementor-widget-text-editor\" data-id=\"131bb24a\" data-element_type=\"widget\" data-e-type=\"widget\" data-widget_type=\"text-editor.default\">\n\t\t\t\t\t\t\t\t\t<p>\u00a0Dise\u00f1ada para ofrecer un rendimiento superior en aplicaciones de alta exigencia, la Hack 1250 te permite realizar el proceso de repelado en materiales de fundici\u00f3n recuperando la pieza defectuosa.<\/p><p>Nuestro equipo soporta los ciclos de trabajo m\u00e1s intensos en largas jornadas de trabajos, para que puedas realizar un uso intensivo con total confianza y eficiencia. La HACK 1250 es un equipo trif\u00e1sico, electromec\u00e1nico que trabaja a 1250A.\u00a0<\/p><p>\u00a0Recomendada para:\u00a0<\/p><ul><li>Reparaci\u00f3n y mantenimiento.<\/li><li>Fabricaci\u00f3n de maquinaria pesada.<\/li><li>Estructuras de alta resistencia.<\/li><li>Reparaci\u00f3n y modificaci\u00f3n de piezas de fundici\u00f3n.\u00a0<\/li><\/ul>\t\t\t\t\t\t\t\t<\/div>\n\t\t\t\t\t<\/div>\n\t\t<\/div>\n\t\t\t\t\t<\/div>\n\t\t<\/section>\n\t\t\t\t<section class=\"elementor-section elementor-top-section elementor-element elementor-element-ae33cb3 elementor-section-boxed elementor-section-height-default elementor-section-height-default\" data-id=\"ae33cb3\" data-element_type=\"section\" data-e-type=\"section\">\n\t\t\t\t\t\t<div class=\"elementor-container elementor-column-gap-default\">\n\t\t\t\t\t<div class=\"elementor-column elementor-col-100 elementor-top-column elementor-element elementor-element-3565e70f\" data-id=\"3565e70f\" data-element_type=\"column\" data-e-type=\"column\">\n\t\t\t<div class=\"elementor-widget-wrap elementor-element-populated\">\n\t\t\t\t\t\t<section class=\"elementor-section elementor-inner-section elementor-element elementor-element-13255105 elementor-section-boxed elementor-section-height-default elementor-section-height-default\" data-id=\"13255105\" data-element_type=\"section\" data-e-type=\"section\">\n\t\t\t\t\t\t<div class=\"elementor-container elementor-column-gap-default\">\n\t\t\t\t\t<div class=\"elementor-column elementor-col-50 elementor-inner-column elementor-element elementor-element-2e4c0e5a\" data-id=\"2e4c0e5a\" data-element_type=\"column\" data-e-type=\"column\">\n\t\t\t<div class=\"elementor-widget-wrap elementor-element-populated\">\n\t\t\t\t\t\t<div class=\"elementor-element elementor-element-6decba61 elementor-widget elementor-widget-heading\" data-id=\"6decba61\" data-element_type=\"widget\" data-e-type=\"widget\" data-widget_type=\"heading.default\">\n\t\t\t\t\t<h4 class=\"elementor-heading-title elementor-size-default\">DESCARGA DE INFORMACI\u00d3N<\/h4>\t\t\t\t<\/div>\n\t\t\t\t<div class=\"elementor-element elementor-element-517c0939 elementor-widget elementor-widget-text-editor\" data-id=\"517c0939\" data-element_type=\"widget\" data-e-type=\"widget\" data-widget_type=\"text-editor.default\">\n\t\t\t\t\t\t\t\t\t<p>Disfrutamos de tenerte navegando por nuestra web, pero tambi\u00e9n queremos que puedas llevarte la informaci\u00f3n a donde sea que vayas.\u00a0<\/p><p>Por eso, a trav\u00e9s de estos botones, podes descargar el manual, gu\u00eda r\u00e1pida e informaci\u00f3n t\u00e9cnica de nuestro equipo.\u00a0<\/p>\t\t\t\t\t\t\t\t<\/div>\n\t\t\t\t\t<\/div>\n\t\t<\/div>\n\t\t\t\t<div class=\"elementor-column elementor-col-50 elementor-inner-column elementor-element elementor-element-3b583fa2\" data-id=\"3b583fa2\" data-element_type=\"column\" data-e-type=\"column\">\n\t\t\t<div class=\"elementor-widget-wrap elementor-element-populated\">\n\t\t\t\t\t\t<div class=\"elementor-element elementor-element-2957c617 elementor-align-justify elementor-widget elementor-widget-button\" data-id=\"2957c617\" data-element_type=\"widget\" data-e-type=\"widget\" data-widget_type=\"button.default\">\n\t\t\t\t\t\t\t\t\t\t<a class=\"elementor-button elementor-size-sm\" role=\"button\">\n\t\t\t\t\t\t<span class=\"elementor-button-content-wrapper\">\n\t\t\t\t\t\t<span class=\"elementor-button-icon\">\n\t\t\t\t<svg aria-hidden=\"true\" class=\"e-font-icon-svg e-fas-download\" viewBox=\"0 0 512 512\" xmlns=\"http:\/\/www.w3.org\/2000\/svg\"><path d=\"M216 0h80c13.3 0 24 10.7 24 24v168h87.7c17.8 0 26.7 21.5 14.1 34.1L269.7 378.3c-7.5 7.5-19.8 7.5-27.3 0L90.1 226.1c-12.6-12.6-3.7-34.1 14.1-34.1H192V24c0-13.3 10.7-24 24-24zm296 376v112c0 13.3-10.7 24-24 24H24c-13.3 0-24-10.7-24-24V376c0-13.3 10.7-24 24-24h146.7l49 49c20.1 20.1 52.5 20.1 72.6 0l49-49H488c13.3 0 24 10.7 24 24zm-124 88c0-11-9-20-20-20s-20 9-20 20 9 20 20 20 20-9 20-20zm64 0c0-11-9-20-20-20s-20 9-20 20 9 20 20 20 20-9 20-20z\"><\/path><\/svg>\t\t\t<\/span>\n\t\t\t\t\t\t\t\t\t<span class=\"elementor-button-text\">Gu\u00eda R\u00e1pida<\/span>\n\t\t\t\t\t<\/span>\n\t\t\t\t\t<\/a>\n\t\t\t\t\t\t\t\t<\/div>\n\t\t\t\t<div class=\"elementor-element elementor-element-1b7d8aa2 elementor-align-justify elementor-widget elementor-widget-button\" data-id=\"1b7d8aa2\" data-element_type=\"widget\" data-e-type=\"widget\" data-widget_type=\"button.default\">\n\t\t\t\t\t\t\t\t\t\t<a class=\"elementor-button elementor-size-sm\" role=\"button\">\n\t\t\t\t\t\t<span class=\"elementor-button-content-wrapper\">\n\t\t\t\t\t\t<span class=\"elementor-button-icon\">\n\t\t\t\t<svg aria-hidden=\"true\" class=\"e-font-icon-svg e-fas-download\" viewBox=\"0 0 512 512\" xmlns=\"http:\/\/www.w3.org\/2000\/svg\"><path d=\"M216 0h80c13.3 0 24 10.7 24 24v168h87.7c17.8 0 26.7 21.5 14.1 34.1L269.7 378.3c-7.5 7.5-19.8 7.5-27.3 0L90.1 226.1c-12.6-12.6-3.7-34.1 14.1-34.1H192V24c0-13.3 10.7-24 24-24zm296 376v112c0 13.3-10.7 24-24 24H24c-13.3 0-24-10.7-24-24V376c0-13.3 10.7-24 24-24h146.7l49 49c20.1 20.1 52.5 20.1 72.6 0l49-49H488c13.3 0 24 10.7 24 24zm-124 88c0-11-9-20-20-20s-20 9-20 20 9 20 20 20 20-9 20-20zm64 0c0-11-9-20-20-20s-20 9-20 20 9 20 20 20 20-9 20-20z\"><\/path><\/svg>\t\t\t<\/span>\n\t\t\t\t\t\t\t\t\t<span class=\"elementor-button-text\">Manual<\/span>\n\t\t\t\t\t<\/span>\n\t\t\t\t\t<\/a>\n\t\t\t\t\t\t\t\t<\/div>\n\t\t\t\t<div class=\"elementor-element elementor-element-57c0ebdf elementor-align-justify elementor-widget elementor-widget-button\" data-id=\"57c0ebdf\" data-element_type=\"widget\" data-e-type=\"widget\" data-widget_type=\"button.default\">\n\t\t\t\t\t\t\t\t\t\t<a class=\"elementor-button elementor-button-link elementor-size-sm\" href=\"https:\/\/rmb.com.ar\/web\/wp-content\/uploads\/2025\/06\/HT-HACK-1250.pdf\" target=\"_blank\">\n\t\t\t\t\t\t<span class=\"elementor-button-content-wrapper\">\n\t\t\t\t\t\t<span class=\"elementor-button-icon\">\n\t\t\t\t<svg aria-hidden=\"true\" class=\"e-font-icon-svg e-fas-download\" viewBox=\"0 0 512 512\" xmlns=\"http:\/\/www.w3.org\/2000\/svg\"><path d=\"M216 0h80c13.3 0 24 10.7 24 24v168h87.7c17.8 0 26.7 21.5 14.1 34.1L269.7 378.3c-7.5 7.5-19.8 7.5-27.3 0L90.1 226.1c-12.6-12.6-3.7-34.1 14.1-34.1H192V24c0-13.3 10.7-24 24-24zm296 376v112c0 13.3-10.7 24-24 24H24c-13.3 0-24-10.7-24-24V376c0-13.3 10.7-24 24-24h146.7l49 49c20.1 20.1 52.5 20.1 72.6 0l49-49H488c13.3 0 24 10.7 24 24zm-124 88c0-11-9-20-20-20s-20 9-20 20 9 20 20 20 20-9 20-20zm64 0c0-11-9-20-20-20s-20 9-20 20 9 20 20 20 20-9 20-20z\"><\/path><\/svg>\t\t\t<\/span>\n\t\t\t\t\t\t\t\t\t<span class=\"elementor-button-text\">Hoja Tecnica<\/span>\n\t\t\t\t\t<\/span>\n\t\t\t\t\t<\/a>\n\t\t\t\t\t\t\t\t<\/div>\n\t\t\t\t\t<\/div>\n\t\t<\/div>\n\t\t\t\t\t<\/div>\n\t\t<\/section>\n\t\t\t\t\t<\/div>\n\t\t<\/div>\n\t\t\t\t\t<\/div>\n\t\t<\/section>\n\t\t\t\t<\/div>\n\t\t","protected":false},"excerpt":{"rendered":"<p>hack 1250 \u00a0Dise\u00f1ada para ofrecer un rendimiento superior en aplicaciones de alta exigencia, la Hack 1250 te permite realizar el proceso de repelado en materiales de fundici\u00f3n recuperando la pieza defectuosa. Nuestro equipo soporta los ciclos de trabajo m\u00e1s intensos en largas jornadas de trabajos, para que puedas realizar un uso intensivo con total confianza [&hellip;]<\/p>\n","protected":false},"author":6,"featured_media":0,"parent":62,"menu_order":0,"comment_status":"closed","ping_status":"closed","template":"","meta":{"iawp_total_views":143,"footnotes":""},"class_list":["post-1002","page","type-page","status-publish","hentry"],"yoast_head":"<!-- This site is optimized with the Yoast SEO plugin v27.4 - https:\/\/yoast.com\/product\/yoast-seo-wordpress\/ -->\n<title>Hack 1250 - RMB<\/title>\n<meta name=\"robots\" content=\"index, follow, max-snippet:-1, max-image-preview:large, max-video-preview:-1\" \/>\n<link rel=\"canonical\" href=\"https:\/\/rmb.com.ar\/web\/productos\/hack-1250\/\" \/>\n<meta property=\"og:locale\" content=\"es_ES\" \/>\n<meta property=\"og:type\" content=\"article\" \/>\n<meta property=\"og:title\" content=\"Hack 1250 - RMB\" \/>\n<meta property=\"og:description\" content=\"hack 1250 \u00a0Dise\u00f1ada para ofrecer un rendimiento superior en aplicaciones de alta exigencia, la Hack 1250 te permite realizar el proceso de repelado en materiales de fundici\u00f3n recuperando la pieza defectuosa. Nuestro equipo soporta los ciclos de trabajo m\u00e1s intensos en largas jornadas de trabajos, para que puedas realizar un uso intensivo con total confianza [&hellip;]\" \/>\n<meta property=\"og:url\" content=\"https:\/\/rmb.com.ar\/web\/productos\/hack-1250\/\" \/>\n<meta property=\"og:site_name\" content=\"RMB\" \/>\n<meta property=\"article:modified_time\" content=\"2025-06-19T18:37:19+00:00\" \/>\n<meta property=\"og:image\" content=\"https:\/\/rmb.com.ar\/web\/wp-content\/uploads\/2023\/12\/Hack-1250--scaled.jpg\" \/>\n<meta name=\"twitter:card\" content=\"summary_large_image\" \/>\n<meta name=\"twitter:label1\" content=\"Tiempo de lectura\" \/>\n\t<meta name=\"twitter:data1\" content=\"1 minuto\" \/>\n<script type=\"application\/ld+json\" class=\"yoast-schema-graph\">{\"@context\":\"https:\\\/\\\/schema.org\",\"@graph\":[{\"@type\":\"WebPage\",\"@id\":\"https:\\\/\\\/rmb.com.ar\\\/web\\\/productos\\\/hack-1250\\\/\",\"url\":\"https:\\\/\\\/rmb.com.ar\\\/web\\\/productos\\\/hack-1250\\\/\",\"name\":\"Hack 1250 - RMB\",\"isPartOf\":{\"@id\":\"https:\\\/\\\/rmb.com.ar\\\/web\\\/#website\"},\"primaryImageOfPage\":{\"@id\":\"https:\\\/\\\/rmb.com.ar\\\/web\\\/productos\\\/hack-1250\\\/#primaryimage\"},\"image\":{\"@id\":\"https:\\\/\\\/rmb.com.ar\\\/web\\\/productos\\\/hack-1250\\\/#primaryimage\"},\"thumbnailUrl\":\"https:\\\/\\\/rmb.com.ar\\\/web\\\/wp-content\\\/uploads\\\/2023\\\/12\\\/Hack-1250--scaled.jpg\",\"datePublished\":\"2022-10-11T21:43:03+00:00\",\"dateModified\":\"2025-06-19T18:37:19+00:00\",\"breadcrumb\":{\"@id\":\"https:\\\/\\\/rmb.com.ar\\\/web\\\/productos\\\/hack-1250\\\/#breadcrumb\"},\"inLanguage\":\"es\",\"potentialAction\":[{\"@type\":\"ReadAction\",\"target\":[\"https:\\\/\\\/rmb.com.ar\\\/web\\\/productos\\\/hack-1250\\\/\"]}]},{\"@type\":\"ImageObject\",\"inLanguage\":\"es\",\"@id\":\"https:\\\/\\\/rmb.com.ar\\\/web\\\/productos\\\/hack-1250\\\/#primaryimage\",\"url\":\"https:\\\/\\\/rmb.com.ar\\\/web\\\/wp-content\\\/uploads\\\/2023\\\/12\\\/Hack-1250--scaled.jpg\",\"contentUrl\":\"https:\\\/\\\/rmb.com.ar\\\/web\\\/wp-content\\\/uploads\\\/2023\\\/12\\\/Hack-1250--scaled.jpg\",\"width\":1920,\"height\":1920},{\"@type\":\"BreadcrumbList\",\"@id\":\"https:\\\/\\\/rmb.com.ar\\\/web\\\/productos\\\/hack-1250\\\/#breadcrumb\",\"itemListElement\":[{\"@type\":\"ListItem\",\"position\":1,\"name\":\"Portada\",\"item\":\"https:\\\/\\\/rmb.com.ar\\\/web\\\/\"},{\"@type\":\"ListItem\",\"position\":2,\"name\":\"Productos\",\"item\":\"https:\\\/\\\/rmb.com.ar\\\/web\\\/productos\\\/\"},{\"@type\":\"ListItem\",\"position\":3,\"name\":\"Hack 1250\"}]},{\"@type\":\"WebSite\",\"@id\":\"https:\\\/\\\/rmb.com.ar\\\/web\\\/#website\",\"url\":\"https:\\\/\\\/rmb.com.ar\\\/web\\\/\",\"name\":\"RMB\",\"description\":\"Un equipo detras de tu equipo\",\"publisher\":{\"@id\":\"https:\\\/\\\/rmb.com.ar\\\/web\\\/#organization\"},\"potentialAction\":[{\"@type\":\"SearchAction\",\"target\":{\"@type\":\"EntryPoint\",\"urlTemplate\":\"https:\\\/\\\/rmb.com.ar\\\/web\\\/?s={search_term_string}\"},\"query-input\":{\"@type\":\"PropertyValueSpecification\",\"valueRequired\":true,\"valueName\":\"search_term_string\"}}],\"inLanguage\":\"es\"},{\"@type\":\"Organization\",\"@id\":\"https:\\\/\\\/rmb.com.ar\\\/web\\\/#organization\",\"name\":\"RMB\",\"url\":\"https:\\\/\\\/rmb.com.ar\\\/web\\\/\",\"logo\":{\"@type\":\"ImageObject\",\"inLanguage\":\"es\",\"@id\":\"https:\\\/\\\/rmb.com.ar\\\/web\\\/#\\\/schema\\\/logo\\\/image\\\/\",\"url\":\"\",\"contentUrl\":\"\",\"caption\":\"RMB\"},\"image\":{\"@id\":\"https:\\\/\\\/rmb.com.ar\\\/web\\\/#\\\/schema\\\/logo\\\/image\\\/\"}}]}<\/script>\n<!-- \/ Yoast SEO plugin. -->","yoast_head_json":{"title":"Hack 1250 - RMB","robots":{"index":"index","follow":"follow","max-snippet":"max-snippet:-1","max-image-preview":"max-image-preview:large","max-video-preview":"max-video-preview:-1"},"canonical":"https:\/\/rmb.com.ar\/web\/productos\/hack-1250\/","og_locale":"es_ES","og_type":"article","og_title":"Hack 1250 - RMB","og_description":"hack 1250 \u00a0Dise\u00f1ada para ofrecer un rendimiento superior en aplicaciones de alta exigencia, la Hack 1250 te permite realizar el proceso de repelado en materiales de fundici\u00f3n recuperando la pieza defectuosa. Nuestro equipo soporta los ciclos de trabajo m\u00e1s intensos en largas jornadas de trabajos, para que puedas realizar un uso intensivo con total confianza [&hellip;]","og_url":"https:\/\/rmb.com.ar\/web\/productos\/hack-1250\/","og_site_name":"RMB","article_modified_time":"2025-06-19T18:37:19+00:00","og_image":[{"url":"https:\/\/rmb.com.ar\/web\/wp-content\/uploads\/2023\/12\/Hack-1250--scaled.jpg","type":"","width":"","height":""}],"twitter_card":"summary_large_image","twitter_misc":{"Tiempo de lectura":"1 minuto"},"schema":{"@context":"https:\/\/schema.org","@graph":[{"@type":"WebPage","@id":"https:\/\/rmb.com.ar\/web\/productos\/hack-1250\/","url":"https:\/\/rmb.com.ar\/web\/productos\/hack-1250\/","name":"Hack 1250 - RMB","isPartOf":{"@id":"https:\/\/rmb.com.ar\/web\/#website"},"primaryImageOfPage":{"@id":"https:\/\/rmb.com.ar\/web\/productos\/hack-1250\/#primaryimage"},"image":{"@id":"https:\/\/rmb.com.ar\/web\/productos\/hack-1250\/#primaryimage"},"thumbnailUrl":"https:\/\/rmb.com.ar\/web\/wp-content\/uploads\/2023\/12\/Hack-1250--scaled.jpg","datePublished":"2022-10-11T21:43:03+00:00","dateModified":"2025-06-19T18:37:19+00:00","breadcrumb":{"@id":"https:\/\/rmb.com.ar\/web\/productos\/hack-1250\/#breadcrumb"},"inLanguage":"es","potentialAction":[{"@type":"ReadAction","target":["https:\/\/rmb.com.ar\/web\/productos\/hack-1250\/"]}]},{"@type":"ImageObject","inLanguage":"es","@id":"https:\/\/rmb.com.ar\/web\/productos\/hack-1250\/#primaryimage","url":"https:\/\/rmb.com.ar\/web\/wp-content\/uploads\/2023\/12\/Hack-1250--scaled.jpg","contentUrl":"https:\/\/rmb.com.ar\/web\/wp-content\/uploads\/2023\/12\/Hack-1250--scaled.jpg","width":1920,"height":1920},{"@type":"BreadcrumbList","@id":"https:\/\/rmb.com.ar\/web\/productos\/hack-1250\/#breadcrumb","itemListElement":[{"@type":"ListItem","position":1,"name":"Portada","item":"https:\/\/rmb.com.ar\/web\/"},{"@type":"ListItem","position":2,"name":"Productos","item":"https:\/\/rmb.com.ar\/web\/productos\/"},{"@type":"ListItem","position":3,"name":"Hack 1250"}]},{"@type":"WebSite","@id":"https:\/\/rmb.com.ar\/web\/#website","url":"https:\/\/rmb.com.ar\/web\/","name":"RMB","description":"Un equipo detras de tu equipo","publisher":{"@id":"https:\/\/rmb.com.ar\/web\/#organization"},"potentialAction":[{"@type":"SearchAction","target":{"@type":"EntryPoint","urlTemplate":"https:\/\/rmb.com.ar\/web\/?s={search_term_string}"},"query-input":{"@type":"PropertyValueSpecification","valueRequired":true,"valueName":"search_term_string"}}],"inLanguage":"es"},{"@type":"Organization","@id":"https:\/\/rmb.com.ar\/web\/#organization","name":"RMB","url":"https:\/\/rmb.com.ar\/web\/","logo":{"@type":"ImageObject","inLanguage":"es","@id":"https:\/\/rmb.com.ar\/web\/#\/schema\/logo\/image\/","url":"","contentUrl":"","caption":"RMB"},"image":{"@id":"https:\/\/rmb.com.ar\/web\/#\/schema\/logo\/image\/"}}]}},"_links":{"self":[{"href":"https:\/\/rmb.com.ar\/web\/wp-json\/wp\/v2\/pages\/1002","targetHints":{"allow":["GET"]}}],"collection":[{"href":"https:\/\/rmb.com.ar\/web\/wp-json\/wp\/v2\/pages"}],"about":[{"href":"https:\/\/rmb.com.ar\/web\/wp-json\/wp\/v2\/types\/page"}],"author":[{"embeddable":true,"href":"https:\/\/rmb.com.ar\/web\/wp-json\/wp\/v2\/users\/6"}],"replies":[{"embeddable":true,"href":"https:\/\/rmb.com.ar\/web\/wp-json\/wp\/v2\/comments?post=1002"}],"version-history":[{"count":1,"href":"https:\/\/rmb.com.ar\/web\/wp-json\/wp\/v2\/pages\/1002\/revisions"}],"predecessor-version":[{"id":6883,"href":"https:\/\/rmb.com.ar\/web\/wp-json\/wp\/v2\/pages\/1002\/revisions\/6883"}],"up":[{"embeddable":true,"href":"https:\/\/rmb.com.ar\/web\/wp-json\/wp\/v2\/pages\/62"}],"wp:attachment":[{"href":"https:\/\/rmb.com.ar\/web\/wp-json\/wp\/v2\/media?parent=1002"}],"curies":[{"name":"wp","href":"https:\/\/api.w.org\/{rel}","templated":true}]}}