{"id":68,"date":"2022-09-16T19:48:04","date_gmt":"2022-09-16T19:48:04","guid":{"rendered":"https:\/\/eduardosabio.com.ar\/web\/?page_id=68"},"modified":"2023-04-14T12:42:58","modified_gmt":"2023-04-14T15:42:58","slug":"blog-tecnico","status":"publish","type":"page","link":"https:\/\/rmb.com.ar\/web\/blog-tecnico\/","title":{"rendered":"Blog tecnico"},"content":{"rendered":"\t\t<div data-elementor-type=\"wp-page\" data-elementor-id=\"68\" class=\"elementor elementor-68\" data-elementor-post-type=\"page\">\n\t\t\t\t\t\t<section class=\"elementor-section elementor-top-section elementor-element elementor-element-3bf501c6 elementor-section-height-min-height elementor-section-content-middle elementor-section-full_width elementor-section-height-default elementor-section-items-middle\" data-id=\"3bf501c6\" data-element_type=\"section\" data-e-type=\"section\" data-settings=\"{&quot;background_background&quot;:&quot;classic&quot;}\">\n\t\t\t\t\t\t<div class=\"elementor-container elementor-column-gap-default\">\n\t\t\t\t\t<div class=\"elementor-column elementor-col-100 elementor-top-column elementor-element elementor-element-2250f1e9\" data-id=\"2250f1e9\" data-element_type=\"column\" data-e-type=\"column\">\n\t\t\t<div class=\"elementor-widget-wrap elementor-element-populated\">\n\t\t\t\t\t\t<div class=\"elementor-element elementor-element-197c899 elementor-widget elementor-widget-heading\" data-id=\"197c899\" data-element_type=\"widget\" data-e-type=\"widget\" data-widget_type=\"heading.default\">\n\t\t\t\t\t<h3 class=\"elementor-heading-title elementor-size-default\">blog tecnico<\/h3>\t\t\t\t<\/div>\n\t\t\t\t\t<\/div>\n\t\t<\/div>\n\t\t\t\t\t<\/div>\n\t\t<\/section>\n\t\t\t\t<section class=\"elementor-section elementor-top-section elementor-element elementor-element-97876f9 elementor-section-boxed elementor-section-height-default elementor-section-height-default\" data-id=\"97876f9\" data-element_type=\"section\" data-e-type=\"section\">\n\t\t\t\t\t\t<div class=\"elementor-container elementor-column-gap-wide\">\n\t\t\t\t\t<div class=\"elementor-column elementor-col-50 elementor-top-column elementor-element elementor-element-cdf9a6d\" data-id=\"cdf9a6d\" data-element_type=\"column\" data-e-type=\"column\">\n\t\t\t<div class=\"elementor-widget-wrap elementor-element-populated\">\n\t\t\t\t\t\t<div class=\"elementor-element elementor-element-ca32a22 elementor-nav-menu__align-start elementor-nav-menu--dropdown-mobile elementor-nav-menu__text-align-aside elementor-widget elementor-widget-nav-menu\" data-id=\"ca32a22\" data-element_type=\"widget\" data-e-type=\"widget\" data-settings=\"{&quot;layout&quot;:&quot;vertical&quot;,&quot;submenu_icon&quot;:{&quot;value&quot;:&quot;&lt;svg aria-hidden=\\&quot;true\\&quot; class=\\&quot;e-font-icon-svg e-fas-caret-down\\&quot; viewBox=\\&quot;0 0 320 512\\&quot; xmlns=\\&quot;http:\\\/\\\/www.w3.org\\\/2000\\\/svg\\&quot;&gt;&lt;path d=\\&quot;M31.3 192h257.3c17.8 0 26.7 21.5 14.1 34.1L174.1 354.8c-7.8 7.8-20.5 7.8-28.3 0L17.2 226.1C4.6 213.5 13.5 192 31.3 192z\\&quot;&gt;&lt;\\\/path&gt;&lt;\\\/svg&gt;&quot;,&quot;library&quot;:&quot;fa-solid&quot;}}\" data-widget_type=\"nav-menu.default\">\n\t\t\t\t\t\t\t\t<nav aria-label=\"Men\u00fa\" class=\"elementor-nav-menu--main elementor-nav-menu__container elementor-nav-menu--layout-vertical e--pointer-underline e--animation-fade\">\n\t\t\t\t<ul id=\"menu-1-ca32a22\" class=\"elementor-nav-menu sm-vertical\"><li class=\"menu-item menu-item-type-taxonomy menu-item-object-category menu-item-1872\"><a href=\"https:\/\/rmb.com.ar\/web\/category\/mma\/\" class=\"elementor-item\">MMA<\/a><\/li>\n<li class=\"menu-item menu-item-type-taxonomy menu-item-object-category menu-item-2733\"><a href=\"https:\/\/rmb.com.ar\/web\/category\/mig-mag\/\" class=\"elementor-item\">MIG-MAG<\/a><\/li>\n<li class=\"menu-item menu-item-type-taxonomy menu-item-object-category menu-item-1874\"><a href=\"https:\/\/rmb.com.ar\/web\/category\/tig\/\" class=\"elementor-item\">TIG<\/a><\/li>\n<li class=\"menu-item menu-item-type-taxonomy menu-item-object-category menu-item-6471\"><a href=\"https:\/\/rmb.com.ar\/web\/category\/soldadura-laser\/\" class=\"elementor-item\">Soldadura Laser<\/a><\/li>\n<li class=\"menu-item menu-item-type-taxonomy menu-item-object-category menu-item-1870\"><a href=\"https:\/\/rmb.com.ar\/web\/category\/mascaras\/\" class=\"elementor-item\">Mascaras<\/a><\/li>\n<li class=\"menu-item menu-item-type-taxonomy menu-item-object-category menu-item-1875\"><a href=\"https:\/\/rmb.com.ar\/web\/category\/torchas\/\" class=\"elementor-item\">Torchas<\/a><\/li>\n<li class=\"menu-item menu-item-type-taxonomy menu-item-object-category menu-item-1871\"><a href=\"https:\/\/rmb.com.ar\/web\/category\/principios-de-soldadura\/\" class=\"elementor-item\">principios de soldadura<\/a><\/li>\n<li class=\"menu-item menu-item-type-taxonomy menu-item-object-category menu-item-1868\"><a href=\"https:\/\/rmb.com.ar\/web\/category\/errores-frecuentes\/\" class=\"elementor-item\">Errores frecuentes<\/a><\/li>\n<\/ul>\t\t\t<\/nav>\n\t\t\t\t\t\t<nav class=\"elementor-nav-menu--dropdown elementor-nav-menu__container\" aria-hidden=\"true\">\n\t\t\t\t<ul id=\"menu-2-ca32a22\" class=\"elementor-nav-menu sm-vertical\"><li class=\"menu-item menu-item-type-taxonomy menu-item-object-category menu-item-1872\"><a href=\"https:\/\/rmb.com.ar\/web\/category\/mma\/\" class=\"elementor-item\" tabindex=\"-1\">MMA<\/a><\/li>\n<li class=\"menu-item menu-item-type-taxonomy menu-item-object-category menu-item-2733\"><a href=\"https:\/\/rmb.com.ar\/web\/category\/mig-mag\/\" class=\"elementor-item\" tabindex=\"-1\">MIG-MAG<\/a><\/li>\n<li class=\"menu-item menu-item-type-taxonomy menu-item-object-category menu-item-1874\"><a href=\"https:\/\/rmb.com.ar\/web\/category\/tig\/\" class=\"elementor-item\" tabindex=\"-1\">TIG<\/a><\/li>\n<li class=\"menu-item menu-item-type-taxonomy menu-item-object-category menu-item-6471\"><a href=\"https:\/\/rmb.com.ar\/web\/category\/soldadura-laser\/\" class=\"elementor-item\" tabindex=\"-1\">Soldadura Laser<\/a><\/li>\n<li class=\"menu-item menu-item-type-taxonomy menu-item-object-category menu-item-1870\"><a href=\"https:\/\/rmb.com.ar\/web\/category\/mascaras\/\" class=\"elementor-item\" tabindex=\"-1\">Mascaras<\/a><\/li>\n<li class=\"menu-item menu-item-type-taxonomy menu-item-object-category menu-item-1875\"><a href=\"https:\/\/rmb.com.ar\/web\/category\/torchas\/\" class=\"elementor-item\" tabindex=\"-1\">Torchas<\/a><\/li>\n<li class=\"menu-item menu-item-type-taxonomy menu-item-object-category menu-item-1871\"><a href=\"https:\/\/rmb.com.ar\/web\/category\/principios-de-soldadura\/\" class=\"elementor-item\" tabindex=\"-1\">principios de soldadura<\/a><\/li>\n<li class=\"menu-item menu-item-type-taxonomy menu-item-object-category menu-item-1868\"><a href=\"https:\/\/rmb.com.ar\/web\/category\/errores-frecuentes\/\" class=\"elementor-item\" tabindex=\"-1\">Errores frecuentes<\/a><\/li>\n<\/ul>\t\t\t<\/nav>\n\t\t\t\t\t\t<\/div>\n\t\t\t\t\t<\/div>\n\t\t<\/div>\n\t\t\t\t<div class=\"elementor-column elementor-col-50 elementor-top-column elementor-element elementor-element-5e58094\" data-id=\"5e58094\" data-element_type=\"column\" data-e-type=\"column\">\n\t\t\t<div class=\"elementor-widget-wrap elementor-element-populated\">\n\t\t\t\t\t\t<div class=\"elementor-element elementor-element-b5dcb5a elementor-widget__width-auto elementor-grid-3 elementor-grid-tablet-2 elementor-grid-mobile-1 elementor-posts--thumbnail-top elementor-posts--show-avatar elementor-card-shadow-yes elementor-posts__hover-gradient elementor-widget elementor-widget-posts\" data-id=\"b5dcb5a\" data-element_type=\"widget\" data-e-type=\"widget\" data-settings=\"{&quot;pagination_type&quot;:&quot;numbers_and_prev_next&quot;,&quot;cards_columns&quot;:&quot;3&quot;,&quot;cards_columns_tablet&quot;:&quot;2&quot;,&quot;cards_columns_mobile&quot;:&quot;1&quot;,&quot;cards_row_gap&quot;:{&quot;unit&quot;:&quot;px&quot;,&quot;size&quot;:35,&quot;sizes&quot;:[]},&quot;cards_row_gap_tablet&quot;:{&quot;unit&quot;:&quot;px&quot;,&quot;size&quot;:&quot;&quot;,&quot;sizes&quot;:[]},&quot;cards_row_gap_mobile&quot;:{&quot;unit&quot;:&quot;px&quot;,&quot;size&quot;:&quot;&quot;,&quot;sizes&quot;:[]}}\" data-widget_type=\"posts.cards\">\n\t\t\t\t<div class=\"elementor-widget-container\">\n\t\t\t\t\t\t\t<div class=\"elementor-posts-container elementor-posts elementor-posts--skin-cards elementor-grid\" role=\"list\">\n\t\t\t\t<article class=\"elementor-post elementor-grid-item post-5706 post type-post status-publish format-standard hentry category-principios-de-soldadura tag-inoxidable tag-metales tag-mig tag-soldadura tag-soldadura-laser tag-tig\" role=\"listitem\">\n\t\t\t<div class=\"elementor-post__card\">\n\t\t\t\t<div class=\"elementor-post__text\">\n\t\t\t\t<h3 class=\"elementor-post__title\">\n\t\t\t<a href=\"https:\/\/rmb.com.ar\/web\/decapante-y-pasivante-proceso-y-beneficios\/\" >\n\t\t\t\tDecapante y pasivante: proceso y beneficios\t\t\t<\/a>\n\t\t<\/h3>\n\t\t\t\t<div class=\"elementor-post__excerpt\">\n\t\t\t<p>Aunque su nombre parece decir lo contrario, el acero inoxidable tambi\u00e9n se oxida. Sin embargo, la resistencia a la corrosi\u00f3n de este material se debe<\/p>\n\t\t<\/div>\n\t\t\n\t\t<a class=\"elementor-post__read-more\" href=\"https:\/\/rmb.com.ar\/web\/decapante-y-pasivante-proceso-y-beneficios\/\" aria-label=\"M\u00e1s informaci\u00f3n sobre Decapante y pasivante: proceso y beneficios\" tabindex=\"-1\" >\n\t\t\tLeer m\u00e1s \u00bb\t\t<\/a>\n\n\t\t\t\t<\/div>\n\t\t\t\t\t<\/div>\n\t\t<\/article>\n\t\t\t\t<article class=\"elementor-post elementor-grid-item post-5681 post type-post status-publish format-standard hentry category-principios-de-soldadura tag-principiosdesoldadura tag-soldadura\" role=\"listitem\">\n\t\t\t<div class=\"elementor-post__card\">\n\t\t\t\t<div class=\"elementor-post__text\">\n\t\t\t\t<h3 class=\"elementor-post__title\">\n\t\t\t<a href=\"https:\/\/rmb.com.ar\/web\/caligrafia-de-soldadura\/\" >\n\t\t\t\tCaligraf\u00eda de soldadura\t\t\t<\/a>\n\t\t<\/h3>\n\t\t\t\t<div class=\"elementor-post__excerpt\">\n\t\t\t<p>Como ya hemos dicho en secciones anteriores, el calor aportado en la uni\u00f3n es directamente proporcional a la potencia de soldadura e inversamente proporcional al<\/p>\n\t\t<\/div>\n\t\t\n\t\t<a class=\"elementor-post__read-more\" href=\"https:\/\/rmb.com.ar\/web\/caligrafia-de-soldadura\/\" aria-label=\"M\u00e1s informaci\u00f3n sobre Caligraf\u00eda de soldadura\" tabindex=\"-1\" >\n\t\t\tLeer m\u00e1s \u00bb\t\t<\/a>\n\n\t\t\t\t<\/div>\n\t\t\t\t\t<\/div>\n\t\t<\/article>\n\t\t\t\t<article class=\"elementor-post elementor-grid-item post-5487 post type-post status-publish format-standard hentry category-mma category-principios-de-soldadura tag-materiales-de-aporte tag-metales tag-mig tag-mma tag-soldadura tag-tig\" role=\"listitem\">\n\t\t\t<div class=\"elementor-post__card\">\n\t\t\t\t<div class=\"elementor-post__text\">\n\t\t\t\t<h3 class=\"elementor-post__title\">\n\t\t\t<a href=\"https:\/\/rmb.com.ar\/web\/ficha-tecnica-de-los-materiales-de-aporte-su-relevancia-y-explicacion-paso-a-paso\/\" >\n\t\t\t\tFicha t\u00e9cnica de los materiales de aporte: su relevancia y explicaci\u00f3n paso a paso\t\t\t<\/a>\n\t\t<\/h3>\n\t\t\t\t<div class=\"elementor-post__excerpt\">\n\t\t\t<p>La resistencia Mec\u00e1nica de una uni\u00f3n depende principalmente del material de aporte utilizado. Independientemente del proceso de soldadura utilizado, esta es una de las variables<\/p>\n\t\t<\/div>\n\t\t\n\t\t<a class=\"elementor-post__read-more\" href=\"https:\/\/rmb.com.ar\/web\/ficha-tecnica-de-los-materiales-de-aporte-su-relevancia-y-explicacion-paso-a-paso\/\" aria-label=\"M\u00e1s informaci\u00f3n sobre Ficha t\u00e9cnica de los materiales de aporte: su relevancia y explicaci\u00f3n paso a paso\" tabindex=\"-1\" >\n\t\t\tLeer m\u00e1s \u00bb\t\t<\/a>\n\n\t\t\t\t<\/div>\n\t\t\t\t\t<\/div>\n\t\t<\/article>\n\t\t\t\t<article class=\"elementor-post elementor-grid-item post-5471 post type-post status-publish format-standard hentry category-mma tag-electrodo tag-recargue-duro\" role=\"listitem\">\n\t\t\t<div class=\"elementor-post__card\">\n\t\t\t\t<div class=\"elementor-post__text\">\n\t\t\t\t<h3 class=\"elementor-post__title\">\n\t\t\t<a href=\"https:\/\/rmb.com.ar\/web\/recargues-duros\/\" >\n\t\t\t\tRecargues Duros\t\t\t<\/a>\n\t\t<\/h3>\n\t\t\t\t<div class=\"elementor-post__excerpt\">\n\t\t\t<p>Este proceso consiste en la aplicaci\u00f3n de una aleaci\u00f3n con resistencia superior al mecanismo de desgaste que sufre un componente o pieza. De este modo<\/p>\n\t\t<\/div>\n\t\t\n\t\t<a class=\"elementor-post__read-more\" href=\"https:\/\/rmb.com.ar\/web\/recargues-duros\/\" aria-label=\"M\u00e1s informaci\u00f3n sobre Recargues Duros\" tabindex=\"-1\" >\n\t\t\tLeer m\u00e1s \u00bb\t\t<\/a>\n\n\t\t\t\t<\/div>\n\t\t\t\t\t<\/div>\n\t\t<\/article>\n\t\t\t\t<article class=\"elementor-post elementor-grid-item post-5296 post type-post status-publish format-standard hentry category-mig-mag category-torchas tag-mig tag-parker-torchology tag-soldadura tag-torchas\" role=\"listitem\">\n\t\t\t<div class=\"elementor-post__card\">\n\t\t\t\t<div class=\"elementor-post__text\">\n\t\t\t\t<h3 class=\"elementor-post__title\">\n\t\t\t<a href=\"https:\/\/rmb.com.ar\/web\/tips-para-seleccionar-una-torchas-mig\/\" >\n\t\t\t\tTips para seleccionar una torchas MIG\t\t\t<\/a>\n\t\t<\/h3>\n\t\t\t\t<div class=\"elementor-post__excerpt\">\n\t\t\t<p>En cualquiera de los procesos de soldadura que trabajemos, ser\u00e1 necesario contar con una torcha que permita manipular el electrodo que vayamos a utilizar.\u00a0 Repasando<\/p>\n\t\t<\/div>\n\t\t\n\t\t<a class=\"elementor-post__read-more\" href=\"https:\/\/rmb.com.ar\/web\/tips-para-seleccionar-una-torchas-mig\/\" aria-label=\"M\u00e1s informaci\u00f3n sobre Tips para seleccionar una torchas MIG\" tabindex=\"-1\" >\n\t\t\tLeer m\u00e1s \u00bb\t\t<\/a>\n\n\t\t\t\t<\/div>\n\t\t\t\t\t<\/div>\n\t\t<\/article>\n\t\t\t\t<article class=\"elementor-post elementor-grid-item post-5272 post type-post status-publish format-standard hentry category-principios-de-soldadura tag-acero-al-carbono tag-aluminio tag-inoxidable tag-metales tag-soldadura\" role=\"listitem\">\n\t\t\t<div class=\"elementor-post__card\">\n\t\t\t\t<div class=\"elementor-post__text\">\n\t\t\t\t<h3 class=\"elementor-post__title\">\n\t\t\t<a href=\"https:\/\/rmb.com.ar\/web\/metodo-de-las-chispas-para-reconocimiento-de-metales\/\" >\n\t\t\t\tM\u00e9todo de las chispas para reconocimiento de metales.\t\t\t<\/a>\n\t\t<\/h3>\n\t\t\t\t<div class=\"elementor-post__excerpt\">\n\t\t\t<p>La prueba de chispa puede ser un m\u00e9todo pr\u00e1ctico y confiable para clasificar e identificar r\u00e1pidamente los metales ferrosos, ya que una composici\u00f3n espec\u00edfica produce<\/p>\n\t\t<\/div>\n\t\t\n\t\t<a class=\"elementor-post__read-more\" href=\"https:\/\/rmb.com.ar\/web\/metodo-de-las-chispas-para-reconocimiento-de-metales\/\" aria-label=\"M\u00e1s informaci\u00f3n sobre M\u00e9todo de las chispas para reconocimiento de metales.\" tabindex=\"-1\" >\n\t\t\tLeer m\u00e1s \u00bb\t\t<\/a>\n\n\t\t\t\t<\/div>\n\t\t\t\t\t<\/div>\n\t\t<\/article>\n\t\t\t\t<\/div>\n\t\t\n\t\t\t\t<div class=\"e-load-more-anchor\" data-page=\"1\" data-max-page=\"4\" data-next-page=\"https:\/\/rmb.com.ar\/web\/wp-json\/wp\/v2\/pages\/68\/page\/2\/\"><\/div>\n\t\t\t\t<nav class=\"elementor-pagination\" aria-label=\"Paginaci\u00f3n\">\n\t\t\t<span class=\"page-numbers prev\">&laquo; Anterior<\/span>\n<span aria-current=\"page\" class=\"page-numbers current\"><span class=\"elementor-screen-only\">P\u00e1gina<\/span>1<\/span>\n<a class=\"page-numbers\" href=\"https:\/\/rmb.com.ar\/web\/wp-json\/wp\/v2\/pages\/68\/page\/2\/\"><span class=\"elementor-screen-only\">P\u00e1gina<\/span>2<\/a>\n<a class=\"page-numbers\" href=\"https:\/\/rmb.com.ar\/web\/wp-json\/wp\/v2\/pages\/68\/page\/3\/\"><span class=\"elementor-screen-only\">P\u00e1gina<\/span>3<\/a>\n<a class=\"page-numbers\" href=\"https:\/\/rmb.com.ar\/web\/wp-json\/wp\/v2\/pages\/68\/page\/4\/\"><span class=\"elementor-screen-only\">P\u00e1gina<\/span>4<\/a>\n<a class=\"page-numbers next\" href=\"https:\/\/rmb.com.ar\/web\/wp-json\/wp\/v2\/pages\/68\/page\/2\/\">Siguiente &raquo;<\/a>\t\t<\/nav>\n\t\t\t\t\t\t<\/div>\n\t\t\t\t<\/div>\n\t\t\t\t\t<\/div>\n\t\t<\/div>\n\t\t\t\t\t<\/div>\n\t\t<\/section>\n\t\t\t\t<\/div>\n\t\t","protected":false},"excerpt":{"rendered":"<p>blog tecnico<\/p>\n","protected":false},"author":6,"featured_media":0,"parent":0,"menu_order":0,"comment_status":"closed","ping_status":"closed","template":"","meta":{"iawp_total_views":1791,"footnotes":""},"class_list":["post-68","page","type-page","status-publish","hentry"],"yoast_head":"<!-- This site is optimized with the Yoast SEO plugin v27.4 - https:\/\/yoast.com\/product\/yoast-seo-wordpress\/ -->\n<title>Blog tecnico - RMB<\/title>\n<meta name=\"robots\" content=\"index, follow, max-snippet:-1, max-image-preview:large, max-video-preview:-1\" \/>\n<link rel=\"canonical\" href=\"https:\/\/rmb.com.ar\/web\/blog-tecnico\/\" \/>\n<meta property=\"og:locale\" content=\"es_ES\" \/>\n<meta property=\"og:type\" content=\"article\" \/>\n<meta property=\"og:title\" content=\"Blog tecnico - RMB\" \/>\n<meta property=\"og:description\" content=\"blog tecnico\" \/>\n<meta property=\"og:url\" content=\"https:\/\/rmb.com.ar\/web\/blog-tecnico\/\" \/>\n<meta property=\"og:site_name\" content=\"RMB\" \/>\n<meta property=\"article:modified_time\" content=\"2023-04-14T15:42:58+00:00\" \/>\n<meta name=\"twitter:card\" content=\"summary_large_image\" \/>\n<script type=\"application\/ld+json\" class=\"yoast-schema-graph\">{\"@context\":\"https:\\\/\\\/schema.org\",\"@graph\":[{\"@type\":\"WebPage\",\"@id\":\"https:\\\/\\\/rmb.com.ar\\\/web\\\/blog-tecnico\\\/\",\"url\":\"https:\\\/\\\/rmb.com.ar\\\/web\\\/blog-tecnico\\\/\",\"name\":\"Blog tecnico - RMB\",\"isPartOf\":{\"@id\":\"https:\\\/\\\/rmb.com.ar\\\/web\\\/#website\"},\"datePublished\":\"2022-09-16T19:48:04+00:00\",\"dateModified\":\"2023-04-14T15:42:58+00:00\",\"breadcrumb\":{\"@id\":\"https:\\\/\\\/rmb.com.ar\\\/web\\\/blog-tecnico\\\/#breadcrumb\"},\"inLanguage\":\"es\",\"potentialAction\":[{\"@type\":\"ReadAction\",\"target\":[\"https:\\\/\\\/rmb.com.ar\\\/web\\\/blog-tecnico\\\/\"]}]},{\"@type\":\"BreadcrumbList\",\"@id\":\"https:\\\/\\\/rmb.com.ar\\\/web\\\/blog-tecnico\\\/#breadcrumb\",\"itemListElement\":[{\"@type\":\"ListItem\",\"position\":1,\"name\":\"Portada\",\"item\":\"https:\\\/\\\/rmb.com.ar\\\/web\\\/\"},{\"@type\":\"ListItem\",\"position\":2,\"name\":\"Blog tecnico\"}]},{\"@type\":\"WebSite\",\"@id\":\"https:\\\/\\\/rmb.com.ar\\\/web\\\/#website\",\"url\":\"https:\\\/\\\/rmb.com.ar\\\/web\\\/\",\"name\":\"RMB\",\"description\":\"Un equipo detras de tu equipo\",\"publisher\":{\"@id\":\"https:\\\/\\\/rmb.com.ar\\\/web\\\/#organization\"},\"potentialAction\":[{\"@type\":\"SearchAction\",\"target\":{\"@type\":\"EntryPoint\",\"urlTemplate\":\"https:\\\/\\\/rmb.com.ar\\\/web\\\/?s={search_term_string}\"},\"query-input\":{\"@type\":\"PropertyValueSpecification\",\"valueRequired\":true,\"valueName\":\"search_term_string\"}}],\"inLanguage\":\"es\"},{\"@type\":\"Organization\",\"@id\":\"https:\\\/\\\/rmb.com.ar\\\/web\\\/#organization\",\"name\":\"RMB\",\"url\":\"https:\\\/\\\/rmb.com.ar\\\/web\\\/\",\"logo\":{\"@type\":\"ImageObject\",\"inLanguage\":\"es\",\"@id\":\"https:\\\/\\\/rmb.com.ar\\\/web\\\/#\\\/schema\\\/logo\\\/image\\\/\",\"url\":\"\",\"contentUrl\":\"\",\"caption\":\"RMB\"},\"image\":{\"@id\":\"https:\\\/\\\/rmb.com.ar\\\/web\\\/#\\\/schema\\\/logo\\\/image\\\/\"}}]}<\/script>\n<!-- \/ Yoast SEO plugin. -->","yoast_head_json":{"title":"Blog tecnico - RMB","robots":{"index":"index","follow":"follow","max-snippet":"max-snippet:-1","max-image-preview":"max-image-preview:large","max-video-preview":"max-video-preview:-1"},"canonical":"https:\/\/rmb.com.ar\/web\/blog-tecnico\/","og_locale":"es_ES","og_type":"article","og_title":"Blog tecnico - RMB","og_description":"blog tecnico","og_url":"https:\/\/rmb.com.ar\/web\/blog-tecnico\/","og_site_name":"RMB","article_modified_time":"2023-04-14T15:42:58+00:00","twitter_card":"summary_large_image","schema":{"@context":"https:\/\/schema.org","@graph":[{"@type":"WebPage","@id":"https:\/\/rmb.com.ar\/web\/blog-tecnico\/","url":"https:\/\/rmb.com.ar\/web\/blog-tecnico\/","name":"Blog tecnico - RMB","isPartOf":{"@id":"https:\/\/rmb.com.ar\/web\/#website"},"datePublished":"2022-09-16T19:48:04+00:00","dateModified":"2023-04-14T15:42:58+00:00","breadcrumb":{"@id":"https:\/\/rmb.com.ar\/web\/blog-tecnico\/#breadcrumb"},"inLanguage":"es","potentialAction":[{"@type":"ReadAction","target":["https:\/\/rmb.com.ar\/web\/blog-tecnico\/"]}]},{"@type":"BreadcrumbList","@id":"https:\/\/rmb.com.ar\/web\/blog-tecnico\/#breadcrumb","itemListElement":[{"@type":"ListItem","position":1,"name":"Portada","item":"https:\/\/rmb.com.ar\/web\/"},{"@type":"ListItem","position":2,"name":"Blog tecnico"}]},{"@type":"WebSite","@id":"https:\/\/rmb.com.ar\/web\/#website","url":"https:\/\/rmb.com.ar\/web\/","name":"RMB","description":"Un equipo detras de tu equipo","publisher":{"@id":"https:\/\/rmb.com.ar\/web\/#organization"},"potentialAction":[{"@type":"SearchAction","target":{"@type":"EntryPoint","urlTemplate":"https:\/\/rmb.com.ar\/web\/?s={search_term_string}"},"query-input":{"@type":"PropertyValueSpecification","valueRequired":true,"valueName":"search_term_string"}}],"inLanguage":"es"},{"@type":"Organization","@id":"https:\/\/rmb.com.ar\/web\/#organization","name":"RMB","url":"https:\/\/rmb.com.ar\/web\/","logo":{"@type":"ImageObject","inLanguage":"es","@id":"https:\/\/rmb.com.ar\/web\/#\/schema\/logo\/image\/","url":"","contentUrl":"","caption":"RMB"},"image":{"@id":"https:\/\/rmb.com.ar\/web\/#\/schema\/logo\/image\/"}}]}},"_links":{"self":[{"href":"https:\/\/rmb.com.ar\/web\/wp-json\/wp\/v2\/pages\/68","targetHints":{"allow":["GET"]}}],"collection":[{"href":"https:\/\/rmb.com.ar\/web\/wp-json\/wp\/v2\/pages"}],"about":[{"href":"https:\/\/rmb.com.ar\/web\/wp-json\/wp\/v2\/types\/page"}],"author":[{"embeddable":true,"href":"https:\/\/rmb.com.ar\/web\/wp-json\/wp\/v2\/users\/6"}],"replies":[{"embeddable":true,"href":"https:\/\/rmb.com.ar\/web\/wp-json\/wp\/v2\/comments?post=68"}],"version-history":[{"count":0,"href":"https:\/\/rmb.com.ar\/web\/wp-json\/wp\/v2\/pages\/68\/revisions"}],"wp:attachment":[{"href":"https:\/\/rmb.com.ar\/web\/wp-json\/wp\/v2\/media?parent=68"}],"curies":[{"name":"wp","href":"https:\/\/api.w.org\/{rel}","templated":true}]}}