{"id":996,"date":"2022-10-11T21:41:43","date_gmt":"2022-10-11T21:41:43","guid":{"rendered":"https:\/\/eduardosabio.com.ar\/web\/?page_id=996"},"modified":"2024-01-10T13:34:15","modified_gmt":"2024-01-10T16:34:15","slug":"cutter-6-0-hf","status":"publish","type":"page","link":"https:\/\/rmb.com.ar\/web\/productos\/maquinas\/cutter-6-0-hf\/","title":{"rendered":"Cutter 60 HF"},"content":{"rendered":"\t\t<div data-elementor-type=\"wp-page\" data-elementor-id=\"996\" class=\"elementor elementor-996\" data-elementor-post-type=\"page\">\n\t\t\t\t\t\t<section class=\"elementor-section elementor-top-section elementor-element elementor-element-2bf6f9c1 elementor-section-boxed elementor-section-height-default elementor-section-height-default\" data-id=\"2bf6f9c1\" data-element_type=\"section\" data-e-type=\"section\">\n\t\t\t\t\t\t<div class=\"elementor-container elementor-column-gap-default\">\n\t\t\t\t\t<div class=\"elementor-column elementor-col-50 elementor-top-column elementor-element elementor-element-85d6a53\" data-id=\"85d6a53\" data-element_type=\"column\" data-e-type=\"column\">\n\t\t\t<div class=\"elementor-widget-wrap elementor-element-populated\">\n\t\t\t\t\t\t<div class=\"elementor-element elementor-element-1dcd5ff elementor-widget elementor-widget-image\" data-id=\"1dcd5ff\" data-element_type=\"widget\" data-e-type=\"widget\" data-widget_type=\"image.default\">\n\t\t\t\t\t\t\t\t\t\t\t\t\t\t\t<img fetchpriority=\"high\" decoding=\"async\" width=\"1400\" height=\"1400\" src=\"data:image\/gif;base64,R0lGODlhAQABAIAAAAAAAP\/\/\/yH5BAEAAAAALAAAAAABAAEAAAIBRAA7\" data-src=\"https:\/\/rmb.com.ar\/web\/wp-content\/uploads\/2022\/10\/Cutter-60K-HF.jpg\" class=\"attachment-full size-full wp-image-550 lazyload\" alt=\"\" data-srcset=\"https:\/\/rmb.com.ar\/web\/wp-content\/uploads\/2022\/10\/Cutter-60K-HF.jpg 1400w, https:\/\/rmb.com.ar\/web\/wp-content\/uploads\/2022\/10\/Cutter-60K-HF-300x300.jpg 300w, https:\/\/rmb.com.ar\/web\/wp-content\/uploads\/2022\/10\/Cutter-60K-HF-1024x1024.jpg 1024w, https:\/\/rmb.com.ar\/web\/wp-content\/uploads\/2022\/10\/Cutter-60K-HF-150x150.jpg 150w, https:\/\/rmb.com.ar\/web\/wp-content\/uploads\/2022\/10\/Cutter-60K-HF-768x768.jpg 768w\" sizes=\"(max-width: 1400px) 100vw, 1400px\" \/><noscript><img decoding=\"async\" width=\"1400\" height=\"1400\" src=\"https:\/\/rmb.com.ar\/web\/wp-content\/uploads\/2022\/10\/Cutter-60K-HF.jpg\" class=\"attachment-full size-full wp-image-550 lazyload\" alt=\"\" srcset=\"https:\/\/rmb.com.ar\/web\/wp-content\/uploads\/2022\/10\/Cutter-60K-HF.jpg 1400w, https:\/\/rmb.com.ar\/web\/wp-content\/uploads\/2022\/10\/Cutter-60K-HF-300x300.jpg 300w, https:\/\/rmb.com.ar\/web\/wp-content\/uploads\/2022\/10\/Cutter-60K-HF-1024x1024.jpg 1024w, https:\/\/rmb.com.ar\/web\/wp-content\/uploads\/2022\/10\/Cutter-60K-HF-150x150.jpg 150w, https:\/\/rmb.com.ar\/web\/wp-content\/uploads\/2022\/10\/Cutter-60K-HF-768x768.jpg 768w\" sizes=\"(max-width: 1400px) 100vw, 1400px\" \/><\/noscript>\t\t\t\t\t\t\t\t\t\t\t\t\t\t\t<\/div>\n\t\t\t\t\t<\/div>\n\t\t<\/div>\n\t\t\t\t<div class=\"elementor-column elementor-col-50 elementor-top-column elementor-element elementor-element-4a47e449\" data-id=\"4a47e449\" data-element_type=\"column\" data-e-type=\"column\">\n\t\t\t<div class=\"elementor-widget-wrap elementor-element-populated\">\n\t\t\t\t\t\t<div class=\"elementor-element elementor-element-663bbaaa elementor-widget elementor-widget-heading\" data-id=\"663bbaaa\" data-element_type=\"widget\" data-e-type=\"widget\" data-widget_type=\"heading.default\">\n\t\t\t\t\t<h2 class=\"elementor-heading-title elementor-size-default\">Cutter 60 k HF<\/h2>\t\t\t\t<\/div>\n\t\t\t\t<div class=\"elementor-element elementor-element-138efe64 elementor-widget elementor-widget-text-editor\" data-id=\"138efe64\" data-element_type=\"widget\" data-e-type=\"widget\" data-widget_type=\"text-editor.default\">\n\t\t\t\t\t\t\t\t\t<p>Equipo de dise\u00f1o compacto y ligero ideal para ser transportado f\u00e1cilmente.<\/p><p>El corte m\u00e1ximo llega a los 22mm.<\/p><p>Su encendido por Alta Frecuencia (HF) lo que permite encender el arco sin tener contacto con la pieza.<\/p><p>Es un equipo recomendado para aquellos trabajos donde se necesitar cortar grandes espesores.<\/p><p>\u00a0<\/p>\t\t\t\t\t\t\t\t<\/div>\n\t\t\t\t\t<\/div>\n\t\t<\/div>\n\t\t\t\t\t<\/div>\n\t\t<\/section>\n\t\t\t\t<section class=\"elementor-section elementor-top-section elementor-element elementor-element-655616d elementor-hidden-tablet elementor-hidden-desktop elementor-section-boxed elementor-section-height-default elementor-section-height-default\" data-id=\"655616d\" data-element_type=\"section\" data-e-type=\"section\">\n\t\t\t\t\t\t<div class=\"elementor-container elementor-column-gap-default\">\n\t\t\t\t\t<div class=\"elementor-column elementor-col-100 elementor-top-column elementor-element elementor-element-32b1efd4\" data-id=\"32b1efd4\" data-element_type=\"column\" data-e-type=\"column\">\n\t\t\t<div class=\"elementor-widget-wrap elementor-element-populated\">\n\t\t\t\t\t\t<div class=\"elementor-element elementor-element-73d52be3 elementor-widget elementor-widget-heading\" data-id=\"73d52be3\" data-element_type=\"widget\" data-e-type=\"widget\" data-widget_type=\"heading.default\">\n\t\t\t\t\t<h4 class=\"elementor-heading-title elementor-size-default\">DESCARGA DE INFORMACI\u00d3N<\/h4>\t\t\t\t<\/div>\n\t\t\t\t<div class=\"elementor-element elementor-element-30a794d2 elementor-widget elementor-widget-text-editor\" data-id=\"30a794d2\" data-element_type=\"widget\" data-e-type=\"widget\" data-widget_type=\"text-editor.default\">\n\t\t\t\t\t\t\t\t\t<p>Disfrutamos de tenerte navegando por nuestra pagina, pero tambi\u00e9n queremos que puedas llevarte la informaci\u00f3n a donde sea que vayas.\u00a0<\/p><p>Por eso, a trav\u00e9s de estos botones, podes descargar el manual, gu\u00eda r\u00e1pida e informaci\u00f3n t\u00e9cnica de esta maquina.\u00a0<\/p>\t\t\t\t\t\t\t\t<\/div>\n\t\t\t\t<section class=\"elementor-section elementor-inner-section elementor-element elementor-element-5afde34 elementor-section-boxed elementor-section-height-default elementor-section-height-default\" data-id=\"5afde34\" data-element_type=\"section\" data-e-type=\"section\">\n\t\t\t\t\t\t<div class=\"elementor-container elementor-column-gap-default\">\n\t\t\t\t\t<div class=\"elementor-column elementor-col-33 elementor-inner-column elementor-element elementor-element-3d5b122e\" data-id=\"3d5b122e\" data-element_type=\"column\" data-e-type=\"column\">\n\t\t\t<div class=\"elementor-widget-wrap elementor-element-populated\">\n\t\t\t\t\t\t<div class=\"elementor-element elementor-element-607bef15 elementor-align-justify elementor-widget elementor-widget-button\" data-id=\"607bef15\" data-element_type=\"widget\" data-e-type=\"widget\" data-widget_type=\"button.default\">\n\t\t\t\t\t\t\t\t\t\t<a class=\"elementor-button elementor-button-link elementor-size-sm\" href=\"https:\/\/rmb.com.ar\/web\/wp-content\/uploads\/2023\/02\/MANUAL-CUTTER-60K-HF.pdf\" target=\"_blank\">\n\t\t\t\t\t\t<span class=\"elementor-button-content-wrapper\">\n\t\t\t\t\t\t<span class=\"elementor-button-icon\">\n\t\t\t\t<svg aria-hidden=\"true\" class=\"e-font-icon-svg e-fas-download\" viewBox=\"0 0 512 512\" xmlns=\"http:\/\/www.w3.org\/2000\/svg\"><path d=\"M216 0h80c13.3 0 24 10.7 24 24v168h87.7c17.8 0 26.7 21.5 14.1 34.1L269.7 378.3c-7.5 7.5-19.8 7.5-27.3 0L90.1 226.1c-12.6-12.6-3.7-34.1 14.1-34.1H192V24c0-13.3 10.7-24 24-24zm296 376v112c0 13.3-10.7 24-24 24H24c-13.3 0-24-10.7-24-24V376c0-13.3 10.7-24 24-24h146.7l49 49c20.1 20.1 52.5 20.1 72.6 0l49-49H488c13.3 0 24 10.7 24 24zm-124 88c0-11-9-20-20-20s-20 9-20 20 9 20 20 20 20-9 20-20zm64 0c0-11-9-20-20-20s-20 9-20 20 9 20 20 20 20-9 20-20z\"><\/path><\/svg>\t\t\t<\/span>\n\t\t\t\t\t\t\t\t\t<span class=\"elementor-button-text\">Manual<\/span>\n\t\t\t\t\t<\/span>\n\t\t\t\t\t<\/a>\n\t\t\t\t\t\t\t\t<\/div>\n\t\t\t\t\t<\/div>\n\t\t<\/div>\n\t\t\t\t<div class=\"elementor-column elementor-col-33 elementor-inner-column elementor-element elementor-element-366b4701\" data-id=\"366b4701\" data-element_type=\"column\" data-e-type=\"column\">\n\t\t\t<div class=\"elementor-widget-wrap elementor-element-populated\">\n\t\t\t\t\t\t<div class=\"elementor-element elementor-element-46f3405b elementor-align-justify elementor-widget elementor-widget-button\" data-id=\"46f3405b\" data-element_type=\"widget\" data-e-type=\"widget\" data-widget_type=\"button.default\">\n\t\t\t\t\t\t\t\t\t\t<a class=\"elementor-button elementor-button-link elementor-size-sm\" href=\"https:\/\/rmb.com.ar\/web\/wp-content\/uploads\/2023\/02\/HT-Cutter-60-K-HF.png\" target=\"_blank\">\n\t\t\t\t\t\t<span class=\"elementor-button-content-wrapper\">\n\t\t\t\t\t\t<span class=\"elementor-button-icon\">\n\t\t\t\t<svg aria-hidden=\"true\" class=\"e-font-icon-svg e-fas-download\" viewBox=\"0 0 512 512\" xmlns=\"http:\/\/www.w3.org\/2000\/svg\"><path d=\"M216 0h80c13.3 0 24 10.7 24 24v168h87.7c17.8 0 26.7 21.5 14.1 34.1L269.7 378.3c-7.5 7.5-19.8 7.5-27.3 0L90.1 226.1c-12.6-12.6-3.7-34.1 14.1-34.1H192V24c0-13.3 10.7-24 24-24zm296 376v112c0 13.3-10.7 24-24 24H24c-13.3 0-24-10.7-24-24V376c0-13.3 10.7-24 24-24h146.7l49 49c20.1 20.1 52.5 20.1 72.6 0l49-49H488c13.3 0 24 10.7 24 24zm-124 88c0-11-9-20-20-20s-20 9-20 20 9 20 20 20 20-9 20-20zm64 0c0-11-9-20-20-20s-20 9-20 20 9 20 20 20 20-9 20-20z\"><\/path><\/svg>\t\t\t<\/span>\n\t\t\t\t\t\t\t\t\t<span class=\"elementor-button-text\">Hoja Tecnica<\/span>\n\t\t\t\t\t<\/span>\n\t\t\t\t\t<\/a>\n\t\t\t\t\t\t\t\t<\/div>\n\t\t\t\t\t<\/div>\n\t\t<\/div>\n\t\t\t\t<div class=\"elementor-column elementor-col-33 elementor-inner-column elementor-element elementor-element-331f0e5a\" data-id=\"331f0e5a\" data-element_type=\"column\" data-e-type=\"column\">\n\t\t\t<div class=\"elementor-widget-wrap elementor-element-populated\">\n\t\t\t\t\t\t<div class=\"elementor-element elementor-element-dd1f9ed elementor-align-justify elementor-widget elementor-widget-button\" data-id=\"dd1f9ed\" data-element_type=\"widget\" data-e-type=\"widget\" data-widget_type=\"button.default\">\n\t\t\t\t\t\t\t\t\t\t<a class=\"elementor-button elementor-button-link elementor-size-sm\" href=\"https:\/\/rmb.com.ar\/web\/wp-content\/uploads\/2023\/02\/SCB-70.pdf\" target=\"_blank\">\n\t\t\t\t\t\t<span class=\"elementor-button-content-wrapper\">\n\t\t\t\t\t\t<span class=\"elementor-button-icon\">\n\t\t\t\t<svg aria-hidden=\"true\" class=\"e-font-icon-svg e-fas-download\" viewBox=\"0 0 512 512\" xmlns=\"http:\/\/www.w3.org\/2000\/svg\"><path d=\"M216 0h80c13.3 0 24 10.7 24 24v168h87.7c17.8 0 26.7 21.5 14.1 34.1L269.7 378.3c-7.5 7.5-19.8 7.5-27.3 0L90.1 226.1c-12.6-12.6-3.7-34.1 14.1-34.1H192V24c0-13.3 10.7-24 24-24zm296 376v112c0 13.3-10.7 24-24 24H24c-13.3 0-24-10.7-24-24V376c0-13.3 10.7-24 24-24h146.7l49 49c20.1 20.1 52.5 20.1 72.6 0l49-49H488c13.3 0 24 10.7 24 24zm-124 88c0-11-9-20-20-20s-20 9-20 20 9 20 20 20 20-9 20-20zm64 0c0-11-9-20-20-20s-20 9-20 20 9 20 20 20 20-9 20-20z\"><\/path><\/svg>\t\t\t<\/span>\n\t\t\t\t\t\t\t\t\t<span class=\"elementor-button-text\">Torcha Parker<\/span>\n\t\t\t\t\t<\/span>\n\t\t\t\t\t<\/a>\n\t\t\t\t\t\t\t\t<\/div>\n\t\t\t\t\t<\/div>\n\t\t<\/div>\n\t\t\t\t\t<\/div>\n\t\t<\/section>\n\t\t\t\t\t<\/div>\n\t\t<\/div>\n\t\t\t\t\t<\/div>\n\t\t<\/section>\n\t\t\t\t<section class=\"elementor-section elementor-top-section elementor-element elementor-element-4db959aa elementor-hidden-mobile elementor-section-boxed elementor-section-height-default elementor-section-height-default\" data-id=\"4db959aa\" data-element_type=\"section\" data-e-type=\"section\">\n\t\t\t\t\t\t<div class=\"elementor-container elementor-column-gap-default\">\n\t\t\t\t\t<div class=\"elementor-column elementor-col-100 elementor-top-column elementor-element elementor-element-a603ea3\" data-id=\"a603ea3\" data-element_type=\"column\" data-e-type=\"column\">\n\t\t\t<div class=\"elementor-widget-wrap elementor-element-populated\">\n\t\t\t\t\t\t<section class=\"elementor-section elementor-inner-section elementor-element elementor-element-6fa1fde2 elementor-section-boxed elementor-section-height-default elementor-section-height-default\" data-id=\"6fa1fde2\" data-element_type=\"section\" data-e-type=\"section\">\n\t\t\t\t\t\t<div class=\"elementor-container elementor-column-gap-default\">\n\t\t\t\t\t<div class=\"elementor-column elementor-col-50 elementor-inner-column elementor-element elementor-element-24437f19\" data-id=\"24437f19\" data-element_type=\"column\" data-e-type=\"column\">\n\t\t\t<div class=\"elementor-widget-wrap elementor-element-populated\">\n\t\t\t\t\t\t<div class=\"elementor-element elementor-element-701c6abe elementor-widget elementor-widget-heading\" data-id=\"701c6abe\" data-element_type=\"widget\" data-e-type=\"widget\" data-widget_type=\"heading.default\">\n\t\t\t\t\t<h4 class=\"elementor-heading-title elementor-size-default\">DESCARGA DE INFORMACI\u00d3N<\/h4>\t\t\t\t<\/div>\n\t\t\t\t<div class=\"elementor-element elementor-element-15299247 elementor-widget elementor-widget-text-editor\" data-id=\"15299247\" data-element_type=\"widget\" data-e-type=\"widget\" data-widget_type=\"text-editor.default\">\n\t\t\t\t\t\t\t\t\t<p>Disfrutamos de tenerte navegando por nuestra pagina, pero tambi\u00e9n queremos que puedas llevarte la informaci\u00f3n a donde sea que vayas.\u00a0<\/p><p>Por eso, a trav\u00e9s de estos botones, podes descargar el manual, gu\u00eda r\u00e1pida e informaci\u00f3n t\u00e9cnica de esta maquina.\u00a0<\/p>\t\t\t\t\t\t\t\t<\/div>\n\t\t\t\t\t<\/div>\n\t\t<\/div>\n\t\t\t\t<div class=\"elementor-column elementor-col-50 elementor-inner-column elementor-element elementor-element-2cd55026\" data-id=\"2cd55026\" data-element_type=\"column\" data-e-type=\"column\">\n\t\t\t<div class=\"elementor-widget-wrap elementor-element-populated\">\n\t\t\t\t\t\t<div class=\"elementor-element elementor-element-152aa089 elementor-align-justify elementor-widget elementor-widget-button\" data-id=\"152aa089\" data-element_type=\"widget\" data-e-type=\"widget\" data-widget_type=\"button.default\">\n\t\t\t\t\t\t\t\t\t\t<a class=\"elementor-button elementor-button-link elementor-size-sm\" href=\"https:\/\/rmb.com.ar\/web\/wp-content\/uploads\/2023\/02\/HT-Cutter-60-K-HF.png\" target=\"_blank\">\n\t\t\t\t\t\t<span class=\"elementor-button-content-wrapper\">\n\t\t\t\t\t\t<span class=\"elementor-button-icon\">\n\t\t\t\t<svg aria-hidden=\"true\" class=\"e-font-icon-svg e-fas-download\" viewBox=\"0 0 512 512\" xmlns=\"http:\/\/www.w3.org\/2000\/svg\"><path d=\"M216 0h80c13.3 0 24 10.7 24 24v168h87.7c17.8 0 26.7 21.5 14.1 34.1L269.7 378.3c-7.5 7.5-19.8 7.5-27.3 0L90.1 226.1c-12.6-12.6-3.7-34.1 14.1-34.1H192V24c0-13.3 10.7-24 24-24zm296 376v112c0 13.3-10.7 24-24 24H24c-13.3 0-24-10.7-24-24V376c0-13.3 10.7-24 24-24h146.7l49 49c20.1 20.1 52.5 20.1 72.6 0l49-49H488c13.3 0 24 10.7 24 24zm-124 88c0-11-9-20-20-20s-20 9-20 20 9 20 20 20 20-9 20-20zm64 0c0-11-9-20-20-20s-20 9-20 20 9 20 20 20 20-9 20-20z\"><\/path><\/svg>\t\t\t<\/span>\n\t\t\t\t\t\t\t\t\t<span class=\"elementor-button-text\">Hoja Tecnica<\/span>\n\t\t\t\t\t<\/span>\n\t\t\t\t\t<\/a>\n\t\t\t\t\t\t\t\t<\/div>\n\t\t\t\t<div class=\"elementor-element elementor-element-19dec303 elementor-align-justify elementor-widget elementor-widget-button\" data-id=\"19dec303\" data-element_type=\"widget\" data-e-type=\"widget\" data-widget_type=\"button.default\">\n\t\t\t\t\t\t\t\t\t\t<a class=\"elementor-button elementor-button-link elementor-size-sm\" href=\"https:\/\/rmb.com.ar\/web\/wp-content\/uploads\/2023\/02\/MANUAL-CUTTER-60K-HF.pdf\" target=\"_blank\">\n\t\t\t\t\t\t<span class=\"elementor-button-content-wrapper\">\n\t\t\t\t\t\t<span class=\"elementor-button-icon\">\n\t\t\t\t<svg aria-hidden=\"true\" class=\"e-font-icon-svg e-fas-download\" viewBox=\"0 0 512 512\" xmlns=\"http:\/\/www.w3.org\/2000\/svg\"><path d=\"M216 0h80c13.3 0 24 10.7 24 24v168h87.7c17.8 0 26.7 21.5 14.1 34.1L269.7 378.3c-7.5 7.5-19.8 7.5-27.3 0L90.1 226.1c-12.6-12.6-3.7-34.1 14.1-34.1H192V24c0-13.3 10.7-24 24-24zm296 376v112c0 13.3-10.7 24-24 24H24c-13.3 0-24-10.7-24-24V376c0-13.3 10.7-24 24-24h146.7l49 49c20.1 20.1 52.5 20.1 72.6 0l49-49H488c13.3 0 24 10.7 24 24zm-124 88c0-11-9-20-20-20s-20 9-20 20 9 20 20 20 20-9 20-20zm64 0c0-11-9-20-20-20s-20 9-20 20 9 20 20 20 20-9 20-20z\"><\/path><\/svg>\t\t\t<\/span>\n\t\t\t\t\t\t\t\t\t<span class=\"elementor-button-text\">Manual<\/span>\n\t\t\t\t\t<\/span>\n\t\t\t\t\t<\/a>\n\t\t\t\t\t\t\t\t<\/div>\n\t\t\t\t<div class=\"elementor-element elementor-element-2f8bdf76 elementor-align-justify elementor-widget elementor-widget-button\" data-id=\"2f8bdf76\" data-element_type=\"widget\" data-e-type=\"widget\" data-widget_type=\"button.default\">\n\t\t\t\t\t\t\t\t\t\t<a class=\"elementor-button elementor-button-link elementor-size-sm\" href=\"https:\/\/rmb.com.ar\/web\/wp-content\/uploads\/2023\/02\/SCB-70.pdf\" target=\"_blank\">\n\t\t\t\t\t\t<span class=\"elementor-button-content-wrapper\">\n\t\t\t\t\t\t<span class=\"elementor-button-icon\">\n\t\t\t\t<svg aria-hidden=\"true\" class=\"e-font-icon-svg e-fas-download\" viewBox=\"0 0 512 512\" xmlns=\"http:\/\/www.w3.org\/2000\/svg\"><path d=\"M216 0h80c13.3 0 24 10.7 24 24v168h87.7c17.8 0 26.7 21.5 14.1 34.1L269.7 378.3c-7.5 7.5-19.8 7.5-27.3 0L90.1 226.1c-12.6-12.6-3.7-34.1 14.1-34.1H192V24c0-13.3 10.7-24 24-24zm296 376v112c0 13.3-10.7 24-24 24H24c-13.3 0-24-10.7-24-24V376c0-13.3 10.7-24 24-24h146.7l49 49c20.1 20.1 52.5 20.1 72.6 0l49-49H488c13.3 0 24 10.7 24 24zm-124 88c0-11-9-20-20-20s-20 9-20 20 9 20 20 20 20-9 20-20zm64 0c0-11-9-20-20-20s-20 9-20 20 9 20 20 20 20-9 20-20z\"><\/path><\/svg>\t\t\t<\/span>\n\t\t\t\t\t\t\t\t\t<span class=\"elementor-button-text\">Torcha Parker<\/span>\n\t\t\t\t\t<\/span>\n\t\t\t\t\t<\/a>\n\t\t\t\t\t\t\t\t<\/div>\n\t\t\t\t\t<\/div>\n\t\t<\/div>\n\t\t\t\t\t<\/div>\n\t\t<\/section>\n\t\t\t\t\t<\/div>\n\t\t<\/div>\n\t\t\t\t\t<\/div>\n\t\t<\/section>\n\t\t\t\t<\/div>\n\t\t","protected":false},"excerpt":{"rendered":"<p>Cutter 60 k HF Equipo de dise\u00f1o compacto y ligero ideal para ser transportado f\u00e1cilmente. El corte m\u00e1ximo llega a los 22mm. Su encendido por Alta Frecuencia (HF) lo que permite encender el arco sin tener contacto con la pieza. Es un equipo recomendado para aquellos trabajos donde se necesitar cortar grandes espesores. \u00a0 DESCARGA [&hellip;]<\/p>\n","protected":false},"author":6,"featured_media":0,"parent":3502,"menu_order":0,"comment_status":"closed","ping_status":"closed","template":"","meta":{"iawp_total_views":667,"footnotes":""},"class_list":["post-996","page","type-page","status-publish","hentry"],"yoast_head":"<!-- This site is optimized with the Yoast SEO plugin v27.4 - https:\/\/yoast.com\/product\/yoast-seo-wordpress\/ -->\n<title>Cutter 60 HF - RMB<\/title>\n<meta name=\"robots\" content=\"index, follow, max-snippet:-1, max-image-preview:large, max-video-preview:-1\" \/>\n<link rel=\"canonical\" href=\"https:\/\/rmb.com.ar\/web\/productos\/maquinas\/cutter-6-0-hf\/\" \/>\n<meta property=\"og:locale\" content=\"es_ES\" \/>\n<meta property=\"og:type\" content=\"article\" \/>\n<meta property=\"og:title\" content=\"Cutter 60 HF - RMB\" \/>\n<meta property=\"og:description\" content=\"Cutter 60 k HF Equipo de dise\u00f1o compacto y ligero ideal para ser transportado f\u00e1cilmente. El corte m\u00e1ximo llega a los 22mm. Su encendido por Alta Frecuencia (HF) lo que permite encender el arco sin tener contacto con la pieza. Es un equipo recomendado para aquellos trabajos donde se necesitar cortar grandes espesores. \u00a0 DESCARGA [&hellip;]\" \/>\n<meta property=\"og:url\" content=\"https:\/\/rmb.com.ar\/web\/productos\/maquinas\/cutter-6-0-hf\/\" \/>\n<meta property=\"og:site_name\" content=\"RMB\" \/>\n<meta property=\"article:modified_time\" content=\"2024-01-10T16:34:15+00:00\" \/>\n<meta property=\"og:image\" content=\"https:\/\/rmb.com.ar\/web\/wp-content\/uploads\/2022\/10\/Cutter-60K-HF.jpg\" \/>\n<meta name=\"twitter:card\" content=\"summary_large_image\" \/>\n<meta name=\"twitter:label1\" content=\"Tiempo de lectura\" \/>\n\t<meta name=\"twitter:data1\" content=\"1 minuto\" \/>\n<script type=\"application\/ld+json\" class=\"yoast-schema-graph\">{\"@context\":\"https:\\\/\\\/schema.org\",\"@graph\":[{\"@type\":\"WebPage\",\"@id\":\"https:\\\/\\\/rmb.com.ar\\\/web\\\/productos\\\/maquinas\\\/cutter-6-0-hf\\\/\",\"url\":\"https:\\\/\\\/rmb.com.ar\\\/web\\\/productos\\\/maquinas\\\/cutter-6-0-hf\\\/\",\"name\":\"Cutter 60 HF - RMB\",\"isPartOf\":{\"@id\":\"https:\\\/\\\/rmb.com.ar\\\/web\\\/#website\"},\"primaryImageOfPage\":{\"@id\":\"https:\\\/\\\/rmb.com.ar\\\/web\\\/productos\\\/maquinas\\\/cutter-6-0-hf\\\/#primaryimage\"},\"image\":{\"@id\":\"https:\\\/\\\/rmb.com.ar\\\/web\\\/productos\\\/maquinas\\\/cutter-6-0-hf\\\/#primaryimage\"},\"thumbnailUrl\":\"https:\\\/\\\/rmb.com.ar\\\/web\\\/wp-content\\\/uploads\\\/2022\\\/10\\\/Cutter-60K-HF.jpg\",\"datePublished\":\"2022-10-11T21:41:43+00:00\",\"dateModified\":\"2024-01-10T16:34:15+00:00\",\"breadcrumb\":{\"@id\":\"https:\\\/\\\/rmb.com.ar\\\/web\\\/productos\\\/maquinas\\\/cutter-6-0-hf\\\/#breadcrumb\"},\"inLanguage\":\"es\",\"potentialAction\":[{\"@type\":\"ReadAction\",\"target\":[\"https:\\\/\\\/rmb.com.ar\\\/web\\\/productos\\\/maquinas\\\/cutter-6-0-hf\\\/\"]}]},{\"@type\":\"ImageObject\",\"inLanguage\":\"es\",\"@id\":\"https:\\\/\\\/rmb.com.ar\\\/web\\\/productos\\\/maquinas\\\/cutter-6-0-hf\\\/#primaryimage\",\"url\":\"https:\\\/\\\/rmb.com.ar\\\/web\\\/wp-content\\\/uploads\\\/2022\\\/10\\\/Cutter-60K-HF.jpg\",\"contentUrl\":\"https:\\\/\\\/rmb.com.ar\\\/web\\\/wp-content\\\/uploads\\\/2022\\\/10\\\/Cutter-60K-HF.jpg\",\"width\":1400,\"height\":1400},{\"@type\":\"BreadcrumbList\",\"@id\":\"https:\\\/\\\/rmb.com.ar\\\/web\\\/productos\\\/maquinas\\\/cutter-6-0-hf\\\/#breadcrumb\",\"itemListElement\":[{\"@type\":\"ListItem\",\"position\":1,\"name\":\"Portada\",\"item\":\"https:\\\/\\\/rmb.com.ar\\\/web\\\/\"},{\"@type\":\"ListItem\",\"position\":2,\"name\":\"Productos\",\"item\":\"https:\\\/\\\/rmb.com.ar\\\/web\\\/productos\\\/\"},{\"@type\":\"ListItem\",\"position\":3,\"name\":\"Maquinas\",\"item\":\"https:\\\/\\\/rmb.com.ar\\\/web\\\/productos\\\/maquinas\\\/\"},{\"@type\":\"ListItem\",\"position\":4,\"name\":\"Cutter 60 HF\"}]},{\"@type\":\"WebSite\",\"@id\":\"https:\\\/\\\/rmb.com.ar\\\/web\\\/#website\",\"url\":\"https:\\\/\\\/rmb.com.ar\\\/web\\\/\",\"name\":\"RMB\",\"description\":\"Un equipo detras de tu equipo\",\"publisher\":{\"@id\":\"https:\\\/\\\/rmb.com.ar\\\/web\\\/#organization\"},\"potentialAction\":[{\"@type\":\"SearchAction\",\"target\":{\"@type\":\"EntryPoint\",\"urlTemplate\":\"https:\\\/\\\/rmb.com.ar\\\/web\\\/?s={search_term_string}\"},\"query-input\":{\"@type\":\"PropertyValueSpecification\",\"valueRequired\":true,\"valueName\":\"search_term_string\"}}],\"inLanguage\":\"es\"},{\"@type\":\"Organization\",\"@id\":\"https:\\\/\\\/rmb.com.ar\\\/web\\\/#organization\",\"name\":\"RMB\",\"url\":\"https:\\\/\\\/rmb.com.ar\\\/web\\\/\",\"logo\":{\"@type\":\"ImageObject\",\"inLanguage\":\"es\",\"@id\":\"https:\\\/\\\/rmb.com.ar\\\/web\\\/#\\\/schema\\\/logo\\\/image\\\/\",\"url\":\"\",\"contentUrl\":\"\",\"caption\":\"RMB\"},\"image\":{\"@id\":\"https:\\\/\\\/rmb.com.ar\\\/web\\\/#\\\/schema\\\/logo\\\/image\\\/\"}}]}<\/script>\n<!-- \/ Yoast SEO plugin. -->","yoast_head_json":{"title":"Cutter 60 HF - RMB","robots":{"index":"index","follow":"follow","max-snippet":"max-snippet:-1","max-image-preview":"max-image-preview:large","max-video-preview":"max-video-preview:-1"},"canonical":"https:\/\/rmb.com.ar\/web\/productos\/maquinas\/cutter-6-0-hf\/","og_locale":"es_ES","og_type":"article","og_title":"Cutter 60 HF - RMB","og_description":"Cutter 60 k HF Equipo de dise\u00f1o compacto y ligero ideal para ser transportado f\u00e1cilmente. El corte m\u00e1ximo llega a los 22mm. Su encendido por Alta Frecuencia (HF) lo que permite encender el arco sin tener contacto con la pieza. Es un equipo recomendado para aquellos trabajos donde se necesitar cortar grandes espesores. \u00a0 DESCARGA [&hellip;]","og_url":"https:\/\/rmb.com.ar\/web\/productos\/maquinas\/cutter-6-0-hf\/","og_site_name":"RMB","article_modified_time":"2024-01-10T16:34:15+00:00","og_image":[{"url":"https:\/\/rmb.com.ar\/web\/wp-content\/uploads\/2022\/10\/Cutter-60K-HF.jpg","type":"","width":"","height":""}],"twitter_card":"summary_large_image","twitter_misc":{"Tiempo de lectura":"1 minuto"},"schema":{"@context":"https:\/\/schema.org","@graph":[{"@type":"WebPage","@id":"https:\/\/rmb.com.ar\/web\/productos\/maquinas\/cutter-6-0-hf\/","url":"https:\/\/rmb.com.ar\/web\/productos\/maquinas\/cutter-6-0-hf\/","name":"Cutter 60 HF - RMB","isPartOf":{"@id":"https:\/\/rmb.com.ar\/web\/#website"},"primaryImageOfPage":{"@id":"https:\/\/rmb.com.ar\/web\/productos\/maquinas\/cutter-6-0-hf\/#primaryimage"},"image":{"@id":"https:\/\/rmb.com.ar\/web\/productos\/maquinas\/cutter-6-0-hf\/#primaryimage"},"thumbnailUrl":"https:\/\/rmb.com.ar\/web\/wp-content\/uploads\/2022\/10\/Cutter-60K-HF.jpg","datePublished":"2022-10-11T21:41:43+00:00","dateModified":"2024-01-10T16:34:15+00:00","breadcrumb":{"@id":"https:\/\/rmb.com.ar\/web\/productos\/maquinas\/cutter-6-0-hf\/#breadcrumb"},"inLanguage":"es","potentialAction":[{"@type":"ReadAction","target":["https:\/\/rmb.com.ar\/web\/productos\/maquinas\/cutter-6-0-hf\/"]}]},{"@type":"ImageObject","inLanguage":"es","@id":"https:\/\/rmb.com.ar\/web\/productos\/maquinas\/cutter-6-0-hf\/#primaryimage","url":"https:\/\/rmb.com.ar\/web\/wp-content\/uploads\/2022\/10\/Cutter-60K-HF.jpg","contentUrl":"https:\/\/rmb.com.ar\/web\/wp-content\/uploads\/2022\/10\/Cutter-60K-HF.jpg","width":1400,"height":1400},{"@type":"BreadcrumbList","@id":"https:\/\/rmb.com.ar\/web\/productos\/maquinas\/cutter-6-0-hf\/#breadcrumb","itemListElement":[{"@type":"ListItem","position":1,"name":"Portada","item":"https:\/\/rmb.com.ar\/web\/"},{"@type":"ListItem","position":2,"name":"Productos","item":"https:\/\/rmb.com.ar\/web\/productos\/"},{"@type":"ListItem","position":3,"name":"Maquinas","item":"https:\/\/rmb.com.ar\/web\/productos\/maquinas\/"},{"@type":"ListItem","position":4,"name":"Cutter 60 HF"}]},{"@type":"WebSite","@id":"https:\/\/rmb.com.ar\/web\/#website","url":"https:\/\/rmb.com.ar\/web\/","name":"RMB","description":"Un equipo detras de tu equipo","publisher":{"@id":"https:\/\/rmb.com.ar\/web\/#organization"},"potentialAction":[{"@type":"SearchAction","target":{"@type":"EntryPoint","urlTemplate":"https:\/\/rmb.com.ar\/web\/?s={search_term_string}"},"query-input":{"@type":"PropertyValueSpecification","valueRequired":true,"valueName":"search_term_string"}}],"inLanguage":"es"},{"@type":"Organization","@id":"https:\/\/rmb.com.ar\/web\/#organization","name":"RMB","url":"https:\/\/rmb.com.ar\/web\/","logo":{"@type":"ImageObject","inLanguage":"es","@id":"https:\/\/rmb.com.ar\/web\/#\/schema\/logo\/image\/","url":"","contentUrl":"","caption":"RMB"},"image":{"@id":"https:\/\/rmb.com.ar\/web\/#\/schema\/logo\/image\/"}}]}},"_links":{"self":[{"href":"https:\/\/rmb.com.ar\/web\/wp-json\/wp\/v2\/pages\/996","targetHints":{"allow":["GET"]}}],"collection":[{"href":"https:\/\/rmb.com.ar\/web\/wp-json\/wp\/v2\/pages"}],"about":[{"href":"https:\/\/rmb.com.ar\/web\/wp-json\/wp\/v2\/types\/page"}],"author":[{"embeddable":true,"href":"https:\/\/rmb.com.ar\/web\/wp-json\/wp\/v2\/users\/6"}],"replies":[{"embeddable":true,"href":"https:\/\/rmb.com.ar\/web\/wp-json\/wp\/v2\/comments?post=996"}],"version-history":[{"count":0,"href":"https:\/\/rmb.com.ar\/web\/wp-json\/wp\/v2\/pages\/996\/revisions"}],"up":[{"embeddable":true,"href":"https:\/\/rmb.com.ar\/web\/wp-json\/wp\/v2\/pages\/3502"}],"wp:attachment":[{"href":"https:\/\/rmb.com.ar\/web\/wp-json\/wp\/v2\/media?parent=996"}],"curies":[{"name":"wp","href":"https:\/\/api.w.org\/{rel}","templated":true}]}}